{"id":46,"date":"2024-04-02T16:42:21","date_gmt":"2024-04-02T16:42:21","guid":{"rendered":"https:\/\/ecopro.com.py\/?page_id=46"},"modified":"2024-04-02T17:35:05","modified_gmt":"2024-04-02T17:35:05","slug":"porque-elegirnos","status":"publish","type":"page","link":"https:\/\/ecopro.com.py\/index.php\/porque-elegirnos\/","title":{"rendered":"Porqu\u00e9 elegirnos ?"},"content":{"rendered":"\n<p>\u00bfPOR QU\u00c9 ELEGIRNOS? <img loading=\"lazy\" decoding=\"async\" height=\"16\" width=\"16\" alt=\"\ud83c\udd98\" src=\"https:\/\/static.xx.fbcdn.net\/images\/emoji.php\/v9\/t81\/1.5\/16\/1f198.png\"><\/p>\n\n\n\n<p>En este post te damos algunos motivos del por qu\u00e9 ECOPRO es tu mejor opci\u00f3n.<\/p>\n\n\n\n<p><img loading=\"lazy\" decoding=\"async\" height=\"16\" width=\"16\" alt=\"\u2705\" src=\"https:\/\/static.xx.fbcdn.net\/images\/emoji.php\/v9\/tba\/1.5\/16\/2705.png\">Compromiso ambiental: Aseguramos espacios libres de plagas y amenazas biol\u00f3gicas. Estamos registrados y habilitados por la DIGESA ente regulador.<\/p>\n\n\n\n<p><a><\/a><img loading=\"lazy\" decoding=\"async\" height=\"16\" width=\"16\" alt=\"\u2705\" src=\"https:\/\/static.xx.fbcdn.net\/images\/emoji.php\/v9\/tba\/1.5\/16\/2705.png\">Excelencia operativa: Nuestra garant\u00eda es brindarle al cliente un servicio con resultados positivos y reales.<\/p>\n\n\n\n<p><img loading=\"lazy\" decoding=\"async\" height=\"16\" width=\"16\" alt=\"\u2705\" src=\"https:\/\/static.xx.fbcdn.net\/images\/emoji.php\/v9\/tba\/1.5\/16\/2705.png\">Innovaci\u00f3n constante: Ofrecemos soluciones modernas y eficientes. Adoptamos tecnolog\u00edas y practicas acorde a la actualidad.<\/p>\n\n\n\n<p><img loading=\"lazy\" decoding=\"async\" height=\"16\" width=\"16\" alt=\"\u2705\" src=\"https:\/\/static.xx.fbcdn.net\/images\/emoji.php\/v9\/tba\/1.5\/16\/2705.png\">Compromiso social: Contribuimos al bienestar de la sociedad.<\/p>\n\n\n\n<p><img loading=\"lazy\" decoding=\"async\" height=\"16\" width=\"16\" alt=\"\u2705\" src=\"https:\/\/static.xx.fbcdn.net\/images\/emoji.php\/v9\/tba\/1.5\/16\/2705.png\">Seguridad y salud: Nuestros profesionales est\u00e1n protegidos con equipos especializados para realizar el servicio.<\/p>\n\n\n\n<figure class=\"wp-block-image size-large\"><img loading=\"lazy\" decoding=\"async\" width=\"1024\" height=\"783\" src=\"https:\/\/ecopro.com.py\/wp-content\/uploads\/2024\/04\/imagen_2024-04-02_124414328-1024x783.png\" alt=\"\" class=\"wp-image-49\" srcset=\"https:\/\/ecopro.com.py\/wp-content\/uploads\/2024\/04\/imagen_2024-04-02_124414328-1024x783.png 1024w, https:\/\/ecopro.com.py\/wp-content\/uploads\/2024\/04\/imagen_2024-04-02_124414328-300x229.png 300w, https:\/\/ecopro.com.py\/wp-content\/uploads\/2024\/04\/imagen_2024-04-02_124414328-768x587.png 768w, https:\/\/ecopro.com.py\/wp-content\/uploads\/2024\/04\/imagen_2024-04-02_124414328.png 1079w\" sizes=\"auto, (max-width: 1024px) 100vw, 1024px\" \/><\/figure>\n","protected":false},"excerpt":{"rendered":"<p>\u00bfPOR QU\u00c9 ELEGIRNOS? En este post te damos algunos motivos del por qu\u00e9 ECOPRO es tu mejor opci\u00f3n. Compromiso ambiental: Aseguramos espacios libres de plagas y amenazas biol\u00f3gicas. Estamos registrados y habilitados por la DIGESA ente regulador. Excelencia operativa: Nuestra garant\u00eda es brindarle al cliente un servicio con resultados positivos y reales. Innovaci\u00f3n constante: Ofrecemos&#8230;<\/p>\n","protected":false},"author":1,"featured_media":49,"parent":0,"menu_order":0,"comment_status":"closed","ping_status":"closed","template":"","meta":{"footnotes":""},"class_list":["post-46","page","type-page","status-publish","has-post-thumbnail","hentry"],"_links":{"self":[{"href":"https:\/\/ecopro.com.py\/index.php\/wp-json\/wp\/v2\/pages\/46","targetHints":{"allow":["GET"]}}],"collection":[{"href":"https:\/\/ecopro.com.py\/index.php\/wp-json\/wp\/v2\/pages"}],"about":[{"href":"https:\/\/ecopro.com.py\/index.php\/wp-json\/wp\/v2\/types\/page"}],"author":[{"embeddable":true,"href":"https:\/\/ecopro.com.py\/index.php\/wp-json\/wp\/v2\/users\/1"}],"replies":[{"embeddable":true,"href":"https:\/\/ecopro.com.py\/index.php\/wp-json\/wp\/v2\/comments?post=46"}],"version-history":[{"count":2,"href":"https:\/\/ecopro.com.py\/index.php\/wp-json\/wp\/v2\/pages\/46\/revisions"}],"predecessor-version":[{"id":50,"href":"https:\/\/ecopro.com.py\/index.php\/wp-json\/wp\/v2\/pages\/46\/revisions\/50"}],"wp:featuredmedia":[{"embeddable":true,"href":"https:\/\/ecopro.com.py\/index.php\/wp-json\/wp\/v2\/media\/49"}],"wp:attachment":[{"href":"https:\/\/ecopro.com.py\/index.php\/wp-json\/wp\/v2\/media?parent=46"}],"curies":[{"name":"wp","href":"https:\/\/api.w.org\/{rel}","templated":true}]}}